{"id":3080,"date":"2023-10-24T11:23:24","date_gmt":"2023-10-24T15:23:24","guid":{"rendered":"https:\/\/moulin7.com\/?page_id=3080"},"modified":"2023-10-24T11:45:45","modified_gmt":"2023-10-24T15:45:45","slug":"cookie-policy","status":"publish","type":"page","link":"https:\/\/moulin7.com\/en\/cookie-policy\/","title":{"rendered":"Cookie Policy"},"content":{"rendered":"\t\t<div data-elementor-type=\"wp-page\" data-elementor-id=\"3080\" class=\"elementor elementor-3080\" data-elementor-post-type=\"page\">\n\t\t\t\t\t\t<section class=\"elementor-section elementor-top-section elementor-element elementor-element-d591c98 elementor-section-boxed elementor-section-height-default elementor-section-height-default\" data-id=\"d591c98\" data-element_type=\"section\" data-e-type=\"section\" data-settings=\"{&quot;jet_parallax_layout_list&quot;:[]}\">\n\t\t\t\t\t\t<div class=\"elementor-container elementor-column-gap-default\">\n\t\t\t\t\t<div class=\"elementor-column elementor-col-100 elementor-top-column elementor-element elementor-element-e53e9f0\" data-id=\"e53e9f0\" data-element_type=\"column\" data-e-type=\"column\">\n\t\t\t<div class=\"elementor-widget-wrap elementor-element-populated\">\n\t\t\t\t\t\t<div class=\"elementor-element elementor-element-be367ed elementor-widget elementor-widget-text-editor\" data-id=\"be367ed\" data-element_type=\"widget\" data-e-type=\"widget\" data-widget_type=\"text-editor.default\">\n\t\t\t\t<div class=\"elementor-widget-container\">\n\t\t\t\t\t\t\t\t\t<p><style>\n    a.cky-banner-element {<br \/>        padding: 8px 30px;<br \/>        background: #F8F9FA;<br \/>        color: #858A8F;<br \/>        border: 1px solid #DEE2E6;<br \/>        box-sizing: border-box;<br \/>        border-radius: 2px;<br \/>        cursor: pointer;<br \/>}<br \/><\/style><\/p><p>Date d&#8217;entr\u00e9e en vigueur : 24-Oct.-2023<\/p><p>Derni\u00e8re mise \u00e0 jour : 24-Oct.-2023<\/p><h5>What are cookies?<\/h5><div class=\"cookie-policy-p\"><p>This Cookie Policy explains what cookies are and how we use them, the types of cookies we use, i.e. the information we collect using cookies and how this information is used and how to manage cookie settings.<\/p><p>Cookies are small text files used to store small pieces of information. They are stored on your device when the website is loaded on your browser. These cookies help us make the website work properly, make it more secure, provide a better user experience, understand how the website is performing, and analyze what is working and where it needs improvement.<\/p><\/div><h5>How do we use these cookies?<\/h5><div class=\"cookie-policy-p\"><p>Like most online services, our website uses first-party and third-party cookies for several purposes. First-party cookies are mostly necessary for the website to function properly and do not collect any of your personally identifiable information.<\/p><p>The third-party cookies used on our website are primarily used to understand website performance, how you interact with our website, ensure the security of our services, provide advertisements of interest to you, and overall. to provide you with a better user experience and help speed up your future interactions with our website.<\/p><\/div><h5>Cookie Policy<\/h5><div class=\"cky-audit-table-element\">\u00a0<\/div><p>\u00a0<\/p><h5 style=\"margin-bottom: 20px;\">Manage cookie preferences<\/h5><p><a class=\"cky-banner-element\">Cookie preferences<\/a><\/p><div><p>You can change your cookie preferences at any time by clicking the button above. This will allow you to review the cookie consent banner and change your preferences or withdraw your consent immediately.<\/p><p>In addition to this, different browsers offer different methods for blocking and deleting cookies used by websites. You can change your browser settings to block\/delete cookies. Below you will find links to support documents on how to manage and delete cookies from major web browsers.<\/p><p>Chrome: <a href=\"https:\/\/support.google.com\/accounts\/answer\/32050\" target=\"_blank\" rel=\"noopener\">https:\/\/support.google.com\/accounts\/answer\/32050<\/a><br \/>Safari: https:\/\/support.apple.com\/en-in\/guide\/safari\/sfri11471\/mac<\/p><p>Firefox: <a href=\"https:\/\/support.mozilla.org\/en-US\/kb\/clear-cookies-and-site-data-firefox?redirectslug=delete-cookies-remove-info-websites-stored&amp;redirectlocale=en-US\" target=\"_blank\" rel=\"noopener\">https:\/\/support.mozilla.org\/en-US\/kb\/clear-cookies-and-site-data-firefox?redirectslug=delete-cookies-remove-info-websites-stored&amp;redirectlocale=en-US<\/a><\/p><p>Internet Explorer: <a href=\"https:\/\/support.microsoft.com\/en-us\/topic\/how-to-delete-cookie-files-in-internet-explorer-bca9446f-d873-78de-77ba-d42645fa52fc\" target=\"_blank\" rel=\"noopener\">https:\/\/support.microsoft.com\/en-us\/topic\/how-to-delete-cookie-files-in-internet-explorer-bca9446f-d873-78de-77ba-d42645fa52fc<\/a><\/p><p>If you are using another web browser, please consult the official support documents for your browser.<\/p><\/div>\t\t\t\t\t\t\t\t<\/div>\n\t\t\t\t<\/div>\n\t\t\t\t\t<\/div>\n\t\t<\/div>\n\t\t\t\t\t<\/div>\n\t\t<\/section>\n\t\t\t\t<\/div>\n\t\t","protected":false},"excerpt":{"rendered":"<p>Date d&#8217;entr\u00e9e en vigueur : 24-Oct.-2023 Derni\u00e8re mise \u00e0 jour : 24-Oct.-2023 What are cookies? This Cookie Policy explains what cookies are and how we use them, the types of cookies we use, i.e. the information we collect using cookies and how this information is used and how to manage cookie settings. Cookies are small [&hellip;]<\/p>\n","protected":false},"author":1,"featured_media":0,"parent":0,"menu_order":0,"comment_status":"closed","ping_status":"closed","template":"","meta":{"footnotes":""},"class_list":["post-3080","page","type-page","status-publish","hentry"],"_links":{"self":[{"href":"https:\/\/moulin7.com\/en\/wp-json\/wp\/v2\/pages\/3080","targetHints":{"allow":["GET"]}}],"collection":[{"href":"https:\/\/moulin7.com\/en\/wp-json\/wp\/v2\/pages"}],"about":[{"href":"https:\/\/moulin7.com\/en\/wp-json\/wp\/v2\/types\/page"}],"author":[{"embeddable":true,"href":"https:\/\/moulin7.com\/en\/wp-json\/wp\/v2\/users\/1"}],"replies":[{"embeddable":true,"href":"https:\/\/moulin7.com\/en\/wp-json\/wp\/v2\/comments?post=3080"}],"version-history":[{"count":6,"href":"https:\/\/moulin7.com\/en\/wp-json\/wp\/v2\/pages\/3080\/revisions"}],"predecessor-version":[{"id":3097,"href":"https:\/\/moulin7.com\/en\/wp-json\/wp\/v2\/pages\/3080\/revisions\/3097"}],"wp:attachment":[{"href":"https:\/\/moulin7.com\/en\/wp-json\/wp\/v2\/media?parent=3080"}],"curies":[{"name":"wp","href":"https:\/\/api.w.org\/{rel}","templated":true}]}}